{"id":519,"date":"2023-06-08T13:48:26","date_gmt":"2023-06-08T13:48:26","guid":{"rendered":"https:\/\/1rdv1mandat.com\/?page_id=519"},"modified":"2023-12-28T14:47:59","modified_gmt":"2023-12-28T14:47:59","slug":"the-conditions-generales-de-vente","status":"publish","type":"page","link":"https:\/\/1rdv1mandat.com\/index.php\/the-conditions-generales-de-vente\/","title":{"rendered":"Conditions G\u00e9n\u00e9rales de Vente"},"content":{"rendered":"\t\t<div data-elementor-type=\"wp-page\" data-elementor-id=\"519\" class=\"elementor elementor-519\" data-elementor-settings=\"[]\">\n\t\t\t\t\t\t\t<div class=\"elementor-section-wrap\">\n\t\t\t\t\t\t\t<section class=\"elementor-section elementor-top-section elementor-element elementor-element-6f697338 elementor-section-boxed elementor-section-height-default elementor-section-height-default\" data-id=\"6f697338\" data-element_type=\"section\">\n\t\t\t\t\t\t<div class=\"elementor-container elementor-column-gap-default\">\n\t\t\t\t\t<div class=\"elementor-column elementor-col-100 elementor-top-column elementor-element elementor-element-79ac7b40\" data-id=\"79ac7b40\" data-element_type=\"column\">\n\t\t\t<div class=\"elementor-widget-wrap elementor-element-populated\">\n\t\t\t\t\t\t\t\t<div class=\"elementor-element elementor-element-6a31569e elementor-widget elementor-widget-text-editor\" data-id=\"6a31569e\" data-element_type=\"widget\" data-widget_type=\"text-editor.default\">\n\t\t\t\t<div class=\"elementor-widget-container\">\n\t\t\t<style>\/*! elementor - v3.5.3 - 28-12-2021 *\/\n.elementor-widget-text-editor.elementor-drop-cap-view-stacked .elementor-drop-cap{background-color:#818a91;color:#fff}.elementor-widget-text-editor.elementor-drop-cap-view-framed .elementor-drop-cap{color:#818a91;border:3px solid;background-color:transparent}.elementor-widget-text-editor:not(.elementor-drop-cap-view-default) .elementor-drop-cap{margin-top:8px}.elementor-widget-text-editor:not(.elementor-drop-cap-view-default) .elementor-drop-cap-letter{width:1em;height:1em}.elementor-widget-text-editor .elementor-drop-cap{float:left;text-align:center;line-height:1;font-size:50px}.elementor-widget-text-editor .elementor-drop-cap-letter{display:inline-block}<\/style>\t\t\t\t<p><!-- wp:paragraph --><\/p>\n<p><!-- \/wp:paragraph --><\/p>\n<p><!-- wp:paragraph --><\/p>\n<p><!-- \/wp:paragraph --><\/p>\n<p><!-- wp:heading {\"textAlign\":\"center\"} --><\/p>\n<p>\u00a0<\/p>\n<p>\u00a0<\/p>\n<center>\n<p>\u00a0<\/p>\n<h2>Conditions G\u00e9n\u00e9rales de Vente<\/h2>\n<p>\u00a0<\/p>\n<p>\u00a0<\/p>\n<\/center>\n<p>\u00a0<\/p>\n<div>\u00a0<\/div>\n<p><!-- \/wp:heading --><\/p>\n<p><!-- wp:paragraph --><\/p>\n<p><!-- \/wp:paragraph --><\/p>\n<p><!-- wp:paragraph --><\/p>\n<p><strong>Merci de votre int\u00e9r\u00eat pour les services de 1rdv1mandat Centre d&rsquo;Appels. Les pr\u00e9sentes conditions g\u00e9n\u00e9rales de vente d\u00e9finissent les termes et conditions qui r\u00e9gissent la fourniture de nos services. Veuillez les lire attentivement avant d&rsquo;utiliser notre site web ou de passer une commande.<\/strong><\/p>\n<p><strong style=\"background-color: transparent; color: var( --e-global-color-text ); font-family: var( --e-global-typography-b2ce6af-font-family ), Sans-serif; letter-spacing: var( --e-global-typography-b2ce6af-letter-spacing ); word-spacing: var( --e-global-typography-b2ce6af-word-spacing );\">Acceptation des conditions :<\/strong><span style=\"background-color: transparent; color: var( --e-global-color-text ); font-family: var( --e-global-typography-b2ce6af-font-family ), Sans-serif; letter-spacing: var( --e-global-typography-b2ce6af-letter-spacing ); word-spacing: var( --e-global-typography-b2ce6af-word-spacing );\"> En utilisant notre site web ou en passant une commande, vous acceptez d&rsquo;\u00eatre li\u00e9 par les pr\u00e9sentes conditions g\u00e9n\u00e9rales de vente. Si vous n&rsquo;acceptez pas ces conditions, veuillez ne pas utiliser nos services.<\/span><\/p>\n<p><strong style=\"background-color: transparent; color: var( --e-global-color-text ); font-family: var( --e-global-typography-b2ce6af-font-family ), Sans-serif; letter-spacing: var( --e-global-typography-b2ce6af-letter-spacing ); word-spacing: var( --e-global-typography-b2ce6af-word-spacing );\">Commandes :<\/strong><span style=\"background-color: transparent; color: var( --e-global-color-text ); font-family: var( --e-global-typography-b2ce6af-font-family ), Sans-serif; letter-spacing: var( --e-global-typography-b2ce6af-letter-spacing ); word-spacing: var( --e-global-typography-b2ce6af-word-spacing );\"> Toutes les commandes sont soumises \u00e0 disponibilit\u00e9 et \u00e0 notre approbation. Nous nous r\u00e9servons le droit de refuser ou d&rsquo;annuler toute commande, en tout ou en partie, \u00e0 notre enti\u00e8re discr\u00e9tion. Si nous annulons une commande, nous vous rembourserons tout paiement effectu\u00e9 pour cette commande.<\/span><\/p>\n<p><strong style=\"background-color: transparent; color: var( --e-global-color-text ); font-family: var( --e-global-typography-b2ce6af-font-family ), Sans-serif; letter-spacing: var( --e-global-typography-b2ce6af-letter-spacing ); word-spacing: var( --e-global-typography-b2ce6af-word-spacing );\">Prix et paiement :<\/strong><span style=\"background-color: transparent; color: var( --e-global-color-text ); font-family: var( --e-global-typography-b2ce6af-font-family ), Sans-serif; letter-spacing: var( --e-global-typography-b2ce6af-letter-spacing ); word-spacing: var( --e-global-typography-b2ce6af-word-spacing );\"> Les prix de nos services sont indiqu\u00e9s sur notre site web et peuvent \u00eatre modifi\u00e9s \u00e0 tout moment sans pr\u00e9avis. Les paiements doivent \u00eatre effectu\u00e9s conform\u00e9ment aux modalit\u00e9s de paiement sp\u00e9cifi\u00e9es lors de la commande. Tous les paiements sont non remboursables, sauf disposition contraire express\u00e9ment pr\u00e9vue.<\/span><\/p>\n<p><strong style=\"background-color: transparent; color: var( --e-global-color-text ); font-family: var( --e-global-typography-b2ce6af-font-family ), Sans-serif; letter-spacing: var( --e-global-typography-b2ce6af-letter-spacing ); word-spacing: var( --e-global-typography-b2ce6af-word-spacing );\">Livraison des services :<\/strong><span style=\"background-color: transparent; color: var( --e-global-color-text ); font-family: var( --e-global-typography-b2ce6af-font-family ), Sans-serif; letter-spacing: var( --e-global-typography-b2ce6af-letter-spacing ); word-spacing: var( --e-global-typography-b2ce6af-word-spacing );\"> Nous nous effor\u00e7ons de fournir les services command\u00e9s dans les d\u00e9lais convenus. Cependant, les d\u00e9lais de livraison sont donn\u00e9s \u00e0 titre indicatif et peuvent varier en fonction de divers facteurs. Nous ne serons pas responsables des retards ou des dommages r\u00e9sultant de retards de livraison.<\/span><\/p>\n<p><strong style=\"background-color: transparent; color: var( --e-global-color-text ); font-family: var( --e-global-typography-b2ce6af-font-family ), Sans-serif; letter-spacing: var( --e-global-typography-b2ce6af-letter-spacing ); word-spacing: var( --e-global-typography-b2ce6af-word-spacing );\">Propri\u00e9t\u00e9 intellectuelle :<\/strong><span style=\"background-color: transparent; color: var( --e-global-color-text ); font-family: var( --e-global-typography-b2ce6af-font-family ), Sans-serif; letter-spacing: var( --e-global-typography-b2ce6af-letter-spacing ); word-spacing: var( --e-global-typography-b2ce6af-word-spacing );\"> Tous les droits de propri\u00e9t\u00e9 intellectuelle li\u00e9s \u00e0 nos services, y compris les marques, les logos, les contenus et les documents, restent notre propri\u00e9t\u00e9 exclusive. Vous n&rsquo;\u00eates pas autoris\u00e9 \u00e0 utiliser, reproduire ou distribuer nos \u00e9l\u00e9ments de propri\u00e9t\u00e9 intellectuelle sans notre autorisation \u00e9crite pr\u00e9alable.<\/span><\/p>\n<p><strong style=\"background-color: transparent; color: var( --e-global-color-text ); font-family: var( --e-global-typography-b2ce6af-font-family ), Sans-serif; letter-spacing: var( --e-global-typography-b2ce6af-letter-spacing ); word-spacing: var( --e-global-typography-b2ce6af-word-spacing );\">Limitation de responsabilit\u00e9 :<\/strong><span style=\"background-color: transparent; color: var( --e-global-color-text ); font-family: var( --e-global-typography-b2ce6af-font-family ), Sans-serif; letter-spacing: var( --e-global-typography-b2ce6af-letter-spacing ); word-spacing: var( --e-global-typography-b2ce6af-word-spacing );\"> Dans la mesure permise par la loi applicable, nous d\u00e9clinons toute responsabilit\u00e9 pour tout dommage indirect, cons\u00e9cutif, sp\u00e9cial ou accessoire d\u00e9coulant de l&rsquo;utilisation de nos services, y compris les pertes de donn\u00e9es, les pertes de b\u00e9n\u00e9fices ou les interruptions d&rsquo;activit\u00e9.<\/span><\/p>\n<p><strong style=\"background-color: transparent; color: var( --e-global-color-text ); font-family: var( --e-global-typography-b2ce6af-font-family ), Sans-serif; letter-spacing: var( --e-global-typography-b2ce6af-letter-spacing ); word-spacing: var( --e-global-typography-b2ce6af-word-spacing );\">Confidentialit\u00e9 :<\/strong><span style=\"background-color: transparent; color: var( --e-global-color-text ); font-family: var( --e-global-typography-b2ce6af-font-family ), Sans-serif; letter-spacing: var( --e-global-typography-b2ce6af-letter-spacing ); word-spacing: var( --e-global-typography-b2ce6af-word-spacing );\"> Nous traiterons vos informations personnelles conform\u00e9ment \u00e0 notre politique de confidentialit\u00e9. En utilisant nos services, vous consentez \u00e0 la collecte, \u00e0 l&rsquo;utilisation et \u00e0 la divulgation de vos informations conform\u00e9ment \u00e0 cette politique.<\/span><\/p>\n<p><strong style=\"background-color: transparent; color: var( --e-global-color-text ); font-family: var( --e-global-typography-b2ce6af-font-family ), Sans-serif; font-size: var( --e-global-typography-b2ce6af-font-size ); letter-spacing: var( --e-global-typography-b2ce6af-letter-spacing ); word-spacing: var( --e-global-typography-b2ce6af-word-spacing );\">Modification des conditions g\u00e9n\u00e9rales de vente :<\/strong><span style=\"background-color: transparent; color: var( --e-global-color-text ); font-family: var( --e-global-typography-b2ce6af-font-family ), Sans-serif; font-size: var( --e-global-typography-b2ce6af-font-size ); letter-spacing: var( --e-global-typography-b2ce6af-letter-spacing ); word-spacing: var( --e-global-typography-b2ce6af-word-spacing );\"> Nous nous r\u00e9servons le droit de modifier ces conditions g\u00e9n\u00e9rales de vente \u00e0 tout moment. Les modifications entreront en vigueur d\u00e8s leur publication sur notre site web. Il est de votre responsabilit\u00e9 de consulter r\u00e9guli\u00e8rement ces conditions pour vous tenir inform\u00e9 des mises \u00e0 jour \u00e9ventuelles.<\/span><\/p>\n<p><!-- \/wp:list-item --><\/p>\n<p><!-- \/wp:list --><\/p>\n<p><!-- wp:paragraph --><\/p>\n<p><b style=\"color: var( --e-global-color-text ); font-family: var( --e-global-typography-b2ce6af-font-family ), Sans-serif; font-size: var( --e-global-typography-b2ce6af-font-size ); letter-spacing: var( --e-global-typography-b2ce6af-letter-spacing ); word-spacing: var( --e-global-typography-b2ce6af-word-spacing );\">Objet :\u00a0<\/b><span style=\"color: var( --e-global-color-text ); font-family: var( --e-global-typography-b2ce6af-font-family ), Sans-serif; font-size: var( --e-global-typography-b2ce6af-font-size ); letter-spacing: var( --e-global-typography-b2ce6af-letter-spacing ); word-spacing: var( --e-global-typography-b2ce6af-word-spacing );\">Ces Conditions G\u00e9n\u00e9rales de Vente de prise de rendez-vous \u00ab\u00a0Piges Immobili\u00e8res\u00a0\u00bb a pour but de d\u00e9finir les conditions de collaboration entre 1rdv1mandat\u00a0<\/span><span style=\"color: var( --e-global-color-text ); font-family: var( --e-global-typography-b2ce6af-font-family ), Sans-serif; font-size: var( --e-global-typography-b2ce6af-font-size ); letter-spacing: var( --e-global-typography-b2ce6af-letter-spacing ); word-spacing: var( --e-global-typography-b2ce6af-word-spacing );\">et ses clients.<\/span><\/p>\n<p><b>Crit\u00e8res de qualification des RDV<br \/><\/b>Le Client accompagne sa commande de la liste de ses crit\u00e8res de qualification des RDV qui devront \u00eatre accept\u00e9s par 1rdv1mandat.\u00a0<\/p>\n<p><b>Prise des RDV &#8211; M\u00e9thodologie<br \/><\/b>Les RDVS sont r\u00e9alis\u00e9s par 1rdv1mandat avec l\u2019application de tous les crit\u00e8res de qualification d\u00e9finis au pr\u00e9alable par le client.<\/p>\n<p><b>Communication des RDV &#8211; Chronologie<br \/><\/b>Chaque RDV est inscrit en temps r\u00e9el sur votre Agenda personnalis\u00e9 ou tout autre outil choisi par le client. Les RDV seront \u00e9galement communiqu\u00e9s par e-mail.<\/p>\n<p><b>P\u00e9riode de mise en place et coordination<br \/><\/b>Une premi\u00e8re p\u00e9riode de mise en place et d\u2019apprentissage est n\u00e9cessaire pour toute nouvelle campagne. Le client accepte que le rythme de g\u00e9n\u00e9ration des RDV soit inf\u00e9rieur \u00e0 la cadence attendue durant cette premi\u00e8re p\u00e9riode. Le client accepte cette p\u00e9riode de \u2018rodage\u2019 et ne peut invoquer le manque de RDV pour r\u00e9silier ce contrat dans les premiers jours de mise en production de la campagne.<\/p>\n<p><b>Objectifs \/ R\u00e9sultats<br \/><\/b>1rdv1mandat\u00a0 place la priorit\u00e9 de sa d\u00e9marche sur la qualit\u00e9 de qualification des RDV. Le client accepte que ce mode de fonctionnement puisse amener des d\u00e9calages entre les quantit\u00e9s quotidiennes attendues et les quantit\u00e9s livr\u00e9es.<\/p>\n<p><b>Report d\u2019un RDV<br \/><\/b>Le client s\u2019interdit de reporter un RDV directement aupr\u00e8s du vendeur. Si le client d\u00e9cide sur place avec le vendeur, ou par t\u00e9l\u00e9phone avant de se d\u00e9placer, de reporter un RDV, il doit demander \u00e0 1rdv1mandat de r\u00e9aliser ce report. Si le client d\u00e9cide de reporter lui-m\u00eame un RDV alors, ce dernier est d\u00e9finitivement consid\u00e9r\u00e9 comme valide.<\/p>\n<p><b>Annulation d\u2019un RDV confirm\u00e9, sans d\u00e9placement du client<br \/><\/b>Si l\u2019annulation d\u2019un RDV, qui respecte tous les crit\u00e8res de qualification, est \u00e0 l\u2019origine du client, il sera consid\u00e9r\u00e9 comme valid\u00e9.<br \/>Si l\u2019annulation d\u2019un RDV, qui est \u00e0 l\u2019origine du vendeur, il ne sera pas valid\u00e9 et sera report\u00e9 par 1rdv1mandat.<\/p>\n<p><b>Invalidation d\u2019un RDV<\/b><br \/>Tout RDV, respectant les crit\u00e8res de qualification d\u00e9finis par le client et honor\u00e9 par le vendeur, est consid\u00e9r\u00e9 comme valide en cas de signature du mandat et d\u00e9compt\u00e9 des RDV command\u00e9s et pay\u00e9s, ceci, ind\u00e9pendamment du r\u00e9sultat du RDV.<br \/>Les motifs accept\u00e9s pour invalider un RDV sont les suivants :<br \/>&gt; Crit\u00e8res de qualification non-respect\u00e9s, vendeur absent ou refus du vendeur d&rsquo;ouvrir la porte lors du rdv, mandat non sign\u00e9.<\/p>\n<p><b>Contre appel suite RDV<\/b><br \/>Un contre appel t\u00e9l\u00e9phonique le lendemain du RDV, peut \u00eatre r\u00e9alis\u00e9 par 1rdv1mandat, afin de s\u2019assurer du bon d\u00e9roulement du RDV.<\/p>\n<p><b>Pr\u00e9sentation t\u00e9l\u00e9phonique ant\u00e9rieure au RDV<\/b><br \/>Le client s\u2019interdit de t\u00e9l\u00e9phoner au prospect pr\u00e9alablement au RDV, dans le but de lui faire une premi\u00e8re pr\u00e9sentation de ses services par t\u00e9l\u00e9phone. Si le client r\u00e9alise une telle d\u00e9marche, alors le RDV est consid\u00e9r\u00e9 comme valide sans possibilit\u00e9 de contestation.<\/p>\n<p><b>Compte-rendu client<br \/><\/b>Le client doit envoyer un mail pour contester et invalider un RDV. Pour le RDV notifi\u00e9 comme invalide, une annotation pr\u00e9cise doit \u00eatre faite dans ce mail pour justifier cette classification. Le d\u00e9lai pour invalider un RDV est de 48 Heures apr\u00e8s la date du RDV. Pass\u00e9 ce d\u00e9lai, le RDV sera consid\u00e9r\u00e9 comme d\u00e9finitivement accept\u00e9.<\/p>\n<p><b>Interruption de campagne<br \/><\/b>Aucune demande d\u2019interruption d\u00e9finitive de campagne ne sera possible, seule une interruption temporaire de la production en cours pourra \u00eatre demand\u00e9e.<\/p>\n<p><b>Facturation &#8211; R\u00e8glement de la campagne<br \/><\/b>Toutes les campagnes sont \u00e0 r\u00e9gler en pr\u00e9paiement lors de la validation du bon de commande. La production ne d\u00e9butera qu\u2019apr\u00e8s encaissement de son r\u00e8glement. Les \u00e9ventuels RDV contest\u00e9s seront automatiquement remplac\u00e9s.<\/p>\n<p><b>Contestation &#8211; Juridiction comp\u00e9tente<br \/><\/b>Tout litige susceptible de survenir entre les parties dans l\u2019ex\u00e9cution de cette offre commerciale sera, apr\u00e8s tentative de recherche de solutions amiables, de la comp\u00e9tence exclusive du tribunal de commerce de PARIS.<\/p>\t\t\t\t\t\t<\/div>\n\t\t\t\t<\/div>\n\t\t\t\t\t<\/div>\n\t\t<\/div>\n\t\t\t\t\t\t\t<\/div>\n\t\t<\/section>\n\t\t\t\t\t\t<\/div>\n\t\t\t\t\t<\/div>\n\t\t","protected":false},"excerpt":{"rendered":"<p>\u00a0 \u00a0 \u00a0 Conditions G\u00e9n\u00e9rales de Vente \u00a0 \u00a0 \u00a0 \u00a0 Merci de votre int\u00e9r\u00eat pour les services de 1rdv1mandat Centre d&rsquo;Appels. Les pr\u00e9sentes conditions g\u00e9n\u00e9rales de vente d\u00e9finissent les termes et conditions qui r\u00e9gissent la fourniture de nos services. Veuillez les lire attentivement avant d&rsquo;utiliser notre site web ou de passer une commande. Acceptation [&hellip;]<\/p>\n","protected":false},"author":3,"featured_media":0,"parent":0,"menu_order":0,"comment_status":"closed","ping_status":"closed","template":"","meta":{"_eb_attr":"","footnotes":""},"yoast_head":"<!-- This site is optimized with the Yoast SEO plugin v21.7 - https:\/\/yoast.com\/wordpress\/plugins\/seo\/ -->\n<title>Conditions G\u00e9n\u00e9rales de Vente &#8212; 1RDV1MANDAT<\/title>\n<meta name=\"robots\" content=\"index, follow, max-snippet:-1, max-image-preview:large, max-video-preview:-1\" \/>\n<link rel=\"canonical\" href=\"https:\/\/1rdv1mandat.com\/index.php\/the-conditions-generales-de-vente\/\" \/>\n<meta property=\"og:locale\" content=\"fr_FR\" \/>\n<meta property=\"og:type\" content=\"article\" \/>\n<meta property=\"og:title\" content=\"Conditions G\u00e9n\u00e9rales de Vente &#8212; 1RDV1MANDAT\" \/>\n<meta property=\"og:description\" content=\"\u00a0 \u00a0 \u00a0 Conditions G\u00e9n\u00e9rales de Vente \u00a0 \u00a0 \u00a0 \u00a0 Merci de votre int\u00e9r\u00eat pour les services de 1rdv1mandat Centre d&rsquo;Appels. Les pr\u00e9sentes conditions g\u00e9n\u00e9rales de vente d\u00e9finissent les termes et conditions qui r\u00e9gissent la fourniture de nos services. Veuillez les lire attentivement avant d&rsquo;utiliser notre site web ou de passer une commande. Acceptation [&hellip;]\" \/>\n<meta property=\"og:url\" content=\"https:\/\/1rdv1mandat.com\/index.php\/the-conditions-generales-de-vente\/\" \/>\n<meta property=\"og:site_name\" content=\"1RDV1MANDAT\" \/>\n<meta property=\"article:modified_time\" content=\"2023-12-28T14:47:59+00:00\" \/>\n<meta property=\"og:image\" content=\"https:\/\/1rdv1mandat.com\/wp-content\/uploads\/2023\/12\/group-teleconference-video-call-corporate-webcast-collage-diverse-business-team-working-project-online-virtual-office-screen.png\" \/>\n\t<meta property=\"og:image:width\" content=\"1200\" \/>\n\t<meta property=\"og:image:height\" content=\"718\" \/>\n\t<meta property=\"og:image:type\" content=\"image\/png\" \/>\n<meta name=\"twitter:card\" content=\"summary_large_image\" \/>\n<meta name=\"twitter:label1\" content=\"Dur\u00e9e de lecture estim\u00e9e\" \/>\n\t<meta name=\"twitter:data1\" content=\"6 minutes\" \/>\n<script type=\"application\/ld+json\" class=\"yoast-schema-graph\">{\"@context\":\"https:\/\/schema.org\",\"@graph\":[{\"@type\":\"WebPage\",\"@id\":\"https:\/\/1rdv1mandat.com\/index.php\/the-conditions-generales-de-vente\/\",\"url\":\"https:\/\/1rdv1mandat.com\/index.php\/the-conditions-generales-de-vente\/\",\"name\":\"Conditions G\u00e9n\u00e9rales de Vente &#8212; 1RDV1MANDAT\",\"isPartOf\":{\"@id\":\"https:\/\/1rdv1mandat.com\/#website\"},\"datePublished\":\"2023-06-08T13:48:26+00:00\",\"dateModified\":\"2023-12-28T14:47:59+00:00\",\"breadcrumb\":{\"@id\":\"https:\/\/1rdv1mandat.com\/index.php\/the-conditions-generales-de-vente\/#breadcrumb\"},\"inLanguage\":\"fr-FR\",\"potentialAction\":[{\"@type\":\"ReadAction\",\"target\":[\"https:\/\/1rdv1mandat.com\/index.php\/the-conditions-generales-de-vente\/\"]}]},{\"@type\":\"BreadcrumbList\",\"@id\":\"https:\/\/1rdv1mandat.com\/index.php\/the-conditions-generales-de-vente\/#breadcrumb\",\"itemListElement\":[{\"@type\":\"ListItem\",\"position\":1,\"name\":\"Accueil\",\"item\":\"https:\/\/1rdv1mandat.com\/\"},{\"@type\":\"ListItem\",\"position\":2,\"name\":\"Conditions G\u00e9n\u00e9rales de Vente\"}]},{\"@type\":\"WebSite\",\"@id\":\"https:\/\/1rdv1mandat.com\/#website\",\"url\":\"https:\/\/1rdv1mandat.com\/\",\"name\":\"1RDV1MANDAT\",\"description\":\"Votre Garantie de Rendez-vous Mandat\",\"publisher\":{\"@id\":\"https:\/\/1rdv1mandat.com\/#organization\"},\"alternateName\":\"RDVMANDAT\",\"potentialAction\":[{\"@type\":\"SearchAction\",\"target\":{\"@type\":\"EntryPoint\",\"urlTemplate\":\"https:\/\/1rdv1mandat.com\/?s={search_term_string}\"},\"query-input\":\"required name=search_term_string\"}],\"inLanguage\":\"fr-FR\"},{\"@type\":\"Organization\",\"@id\":\"https:\/\/1rdv1mandat.com\/#organization\",\"name\":\"1RDV1MANDAT\",\"alternateName\":\"RDVMANDAT\",\"url\":\"https:\/\/1rdv1mandat.com\/\",\"logo\":{\"@type\":\"ImageObject\",\"inLanguage\":\"fr-FR\",\"@id\":\"https:\/\/1rdv1mandat.com\/#\/schema\/logo\/image\/\",\"url\":\"https:\/\/1rdv1mandat.com\/wp-content\/uploads\/2023\/12\/tawk.to_.png\",\"contentUrl\":\"https:\/\/1rdv1mandat.com\/wp-content\/uploads\/2023\/12\/tawk.to_.png\",\"width\":516,\"height\":516,\"caption\":\"1RDV1MANDAT\"},\"image\":{\"@id\":\"https:\/\/1rdv1mandat.com\/#\/schema\/logo\/image\/\"}}]}<\/script>\n<!-- \/ Yoast SEO plugin. -->","yoast_head_json":{"title":"Conditions G\u00e9n\u00e9rales de Vente &#8212; 1RDV1MANDAT","robots":{"index":"index","follow":"follow","max-snippet":"max-snippet:-1","max-image-preview":"max-image-preview:large","max-video-preview":"max-video-preview:-1"},"canonical":"https:\/\/1rdv1mandat.com\/index.php\/the-conditions-generales-de-vente\/","og_locale":"fr_FR","og_type":"article","og_title":"Conditions G\u00e9n\u00e9rales de Vente &#8212; 1RDV1MANDAT","og_description":"\u00a0 \u00a0 \u00a0 Conditions G\u00e9n\u00e9rales de Vente \u00a0 \u00a0 \u00a0 \u00a0 Merci de votre int\u00e9r\u00eat pour les services de 1rdv1mandat Centre d&rsquo;Appels. Les pr\u00e9sentes conditions g\u00e9n\u00e9rales de vente d\u00e9finissent les termes et conditions qui r\u00e9gissent la fourniture de nos services. Veuillez les lire attentivement avant d&rsquo;utiliser notre site web ou de passer une commande. Acceptation [&hellip;]","og_url":"https:\/\/1rdv1mandat.com\/index.php\/the-conditions-generales-de-vente\/","og_site_name":"1RDV1MANDAT","article_modified_time":"2023-12-28T14:47:59+00:00","og_image":[{"width":1200,"height":718,"url":"https:\/\/1rdv1mandat.com\/wp-content\/uploads\/2023\/12\/group-teleconference-video-call-corporate-webcast-collage-diverse-business-team-working-project-online-virtual-office-screen.png","type":"image\/png"}],"twitter_card":"summary_large_image","twitter_misc":{"Dur\u00e9e de lecture estim\u00e9e":"6 minutes"},"schema":{"@context":"https:\/\/schema.org","@graph":[{"@type":"WebPage","@id":"https:\/\/1rdv1mandat.com\/index.php\/the-conditions-generales-de-vente\/","url":"https:\/\/1rdv1mandat.com\/index.php\/the-conditions-generales-de-vente\/","name":"Conditions G\u00e9n\u00e9rales de Vente &#8212; 1RDV1MANDAT","isPartOf":{"@id":"https:\/\/1rdv1mandat.com\/#website"},"datePublished":"2023-06-08T13:48:26+00:00","dateModified":"2023-12-28T14:47:59+00:00","breadcrumb":{"@id":"https:\/\/1rdv1mandat.com\/index.php\/the-conditions-generales-de-vente\/#breadcrumb"},"inLanguage":"fr-FR","potentialAction":[{"@type":"ReadAction","target":["https:\/\/1rdv1mandat.com\/index.php\/the-conditions-generales-de-vente\/"]}]},{"@type":"BreadcrumbList","@id":"https:\/\/1rdv1mandat.com\/index.php\/the-conditions-generales-de-vente\/#breadcrumb","itemListElement":[{"@type":"ListItem","position":1,"name":"Accueil","item":"https:\/\/1rdv1mandat.com\/"},{"@type":"ListItem","position":2,"name":"Conditions G\u00e9n\u00e9rales de Vente"}]},{"@type":"WebSite","@id":"https:\/\/1rdv1mandat.com\/#website","url":"https:\/\/1rdv1mandat.com\/","name":"1RDV1MANDAT","description":"Votre Garantie de Rendez-vous Mandat","publisher":{"@id":"https:\/\/1rdv1mandat.com\/#organization"},"alternateName":"RDVMANDAT","potentialAction":[{"@type":"SearchAction","target":{"@type":"EntryPoint","urlTemplate":"https:\/\/1rdv1mandat.com\/?s={search_term_string}"},"query-input":"required name=search_term_string"}],"inLanguage":"fr-FR"},{"@type":"Organization","@id":"https:\/\/1rdv1mandat.com\/#organization","name":"1RDV1MANDAT","alternateName":"RDVMANDAT","url":"https:\/\/1rdv1mandat.com\/","logo":{"@type":"ImageObject","inLanguage":"fr-FR","@id":"https:\/\/1rdv1mandat.com\/#\/schema\/logo\/image\/","url":"https:\/\/1rdv1mandat.com\/wp-content\/uploads\/2023\/12\/tawk.to_.png","contentUrl":"https:\/\/1rdv1mandat.com\/wp-content\/uploads\/2023\/12\/tawk.to_.png","width":516,"height":516,"caption":"1RDV1MANDAT"},"image":{"@id":"https:\/\/1rdv1mandat.com\/#\/schema\/logo\/image\/"}}]}},"_links":{"self":[{"href":"https:\/\/1rdv1mandat.com\/index.php\/wp-json\/wp\/v2\/pages\/519"}],"collection":[{"href":"https:\/\/1rdv1mandat.com\/index.php\/wp-json\/wp\/v2\/pages"}],"about":[{"href":"https:\/\/1rdv1mandat.com\/index.php\/wp-json\/wp\/v2\/types\/page"}],"author":[{"embeddable":true,"href":"https:\/\/1rdv1mandat.com\/index.php\/wp-json\/wp\/v2\/users\/3"}],"replies":[{"embeddable":true,"href":"https:\/\/1rdv1mandat.com\/index.php\/wp-json\/wp\/v2\/comments?post=519"}],"version-history":[{"count":34,"href":"https:\/\/1rdv1mandat.com\/index.php\/wp-json\/wp\/v2\/pages\/519\/revisions"}],"predecessor-version":[{"id":1592,"href":"https:\/\/1rdv1mandat.com\/index.php\/wp-json\/wp\/v2\/pages\/519\/revisions\/1592"}],"wp:attachment":[{"href":"https:\/\/1rdv1mandat.com\/index.php\/wp-json\/wp\/v2\/media?parent=519"}],"curies":[{"name":"wp","href":"https:\/\/api.w.org\/{rel}","templated":true}]}}