{"id":2557,"date":"2025-11-03T12:27:08","date_gmt":"2025-11-03T12:27:08","guid":{"rendered":"https:\/\/1rdv1mandat.com\/?page_id=2557"},"modified":"2026-04-16T11:33:32","modified_gmt":"2026-04-16T11:33:32","slug":"vos-criteres-de-recherche-2","status":"publish","type":"page","link":"https:\/\/1rdv1mandat.com\/index.php\/vos-criteres-de-recherche-2\/","title":{"rendered":"Vos Crit\u00e8res de Recherche 2"},"content":{"rendered":"\t\t<div data-elementor-type=\"wp-page\" data-elementor-id=\"2557\" class=\"elementor elementor-2557\" data-elementor-settings=\"[]\">\n\t\t\t\t\t\t\t<div class=\"elementor-section-wrap\">\n\t\t\t\t\t\t\t<section class=\"elementor-section elementor-top-section elementor-element elementor-element-8e276ee elementor-section-boxed elementor-section-height-default elementor-section-height-default\" data-id=\"8e276ee\" data-element_type=\"section\">\n\t\t\t\t\t\t<div class=\"elementor-container elementor-column-gap-default\">\n\t\t\t\t\t<div class=\"elementor-column elementor-col-100 elementor-top-column elementor-element elementor-element-29c88813\" data-id=\"29c88813\" data-element_type=\"column\">\n\t\t\t<div class=\"elementor-widget-wrap elementor-element-populated\">\n\t\t\t\t\t\t\t\t<div class=\"elementor-element elementor-element-8d17868 elementor-widget elementor-widget-elementskit-heading\" data-id=\"8d17868\" data-element_type=\"widget\" data-widget_type=\"elementskit-heading.default\">\n\t\t\t\t<div class=\"elementor-widget-container\">\n\t\t\t<div class=\"ekit-wid-con\" ><div class=\"ekit-heading elementskit-section-title-wraper text_center   ekit_heading_tablet-   ekit_heading_mobile-\"><h2 class=\"ekit-heading--title elementskit-section-title \">Vos Crit\u00e8res de <span>Recherche<\/span>  <\/h2>\t\t\t\t<div class='ekit-heading__description'>\n\t\t\t\t\t<p>Chaque jour, nous \u0153uvrons pour votre satisfaction.<br \/>\nNotre \u00e9quipe est \u00e0 votre \u00e9coute pour vous apporter le meilleur dans la prise de rendez-vous<\/p>\n\t\t\t\t<\/div>\n\t\t\t<\/div><\/div>\t\t<\/div>\n\t\t\t\t<\/div>\n\t\t\t\t\t<\/div>\n\t\t<\/div>\n\t\t\t\t\t\t\t<\/div>\n\t\t<\/section>\n\t\t\t\t<section class=\"elementor-section elementor-top-section elementor-element elementor-element-698018e elementor-section-boxed elementor-section-height-default elementor-section-height-default\" data-id=\"698018e\" data-element_type=\"section\">\n\t\t\t\t\t\t<div class=\"elementor-container elementor-column-gap-default\">\n\t\t\t\t\t<div class=\"elementor-column elementor-col-100 elementor-top-column elementor-element elementor-element-8c065d4\" data-id=\"8c065d4\" data-element_type=\"column\">\n\t\t\t<div class=\"elementor-widget-wrap elementor-element-populated\">\n\t\t\t\t\t\t\t\t<div class=\"elementor-element elementor-element-dfb0b10 elementor-widget elementor-widget-wpforms\" data-id=\"dfb0b10\" data-element_type=\"widget\" data-widget_type=\"wpforms.default\">\n\t\t\t\t<div class=\"elementor-widget-container\">\n\t\t\t<style id=\"wpforms-css-vars-root\">\n\t\t\t\t:root {\n\t\t\t\t\t--wpforms-field-border-radius: 3px;\n--wpforms-field-background-color: #ffffff;\n--wpforms-field-border-color: rgba( 0, 0, 0, 0.25 );\n--wpforms-field-text-color: rgba( 0, 0, 0, 0.7 );\n--wpforms-label-color: rgba( 0, 0, 0, 0.85 );\n--wpforms-label-sublabel-color: rgba( 0, 0, 0, 0.55 );\n--wpforms-label-error-color: #d63637;\n--wpforms-button-border-radius: 3px;\n--wpforms-button-background-color: #066aab;\n--wpforms-button-text-color: #ffffff;\n--wpforms-field-size-input-height: 43px;\n--wpforms-field-size-input-spacing: 15px;\n--wpforms-field-size-font-size: 16px;\n--wpforms-field-size-line-height: 19px;\n--wpforms-field-size-padding-h: 14px;\n--wpforms-field-size-checkbox-size: 16px;\n--wpforms-field-size-sublabel-spacing: 5px;\n--wpforms-field-size-icon-size: 1;\n--wpforms-label-size-font-size: 16px;\n--wpforms-label-size-line-height: 19px;\n--wpforms-label-size-sublabel-font-size: 14px;\n--wpforms-label-size-sublabel-line-height: 17px;\n--wpforms-button-size-font-size: 17px;\n--wpforms-button-size-height: 41px;\n--wpforms-button-size-padding-h: 15px;\n--wpforms-button-size-margin-top: 10px;\n\n\t\t\t\t}\n\t\t\t<\/style><div class=\"wpforms-container wpforms-container-full wpforms-render-modern\" id=\"wpforms-2553\"><form id=\"wpforms-form-2553\" class=\"wpforms-validate wpforms-form\" data-formid=\"2553\" method=\"post\" enctype=\"multipart\/form-data\" action=\"\/index.php\/wp-json\/wp\/v2\/pages\/2557\" data-token=\"78d518af5233e68a7d6216c42b485e03\"><noscript class=\"wpforms-error-noscript\">Veuillez activer JavaScript dans votre navigateur pour remplir ce formulaire.<\/noscript><div class=\"wpforms-hidden\" id=\"wpforms-error-noscript\">Veuillez activer JavaScript dans votre navigateur pour remplir ce formulaire.<\/div><div class=\"wpforms-field-container\"><div id=\"wpforms-2553-field_61-container\" class=\"wpforms-field wpforms-field-checkbox wpforms-list-2-columns\" data-field-id=\"61\"><fieldset><legend class=\"wpforms-field-label\">Types de biens<\/legend><ul id=\"wpforms-2553-field_61\"><li class=\"choice-1 depth-1\"><input type=\"checkbox\" id=\"wpforms-2553-field_61_1\" name=\"wpforms[fields][61][]\" value=\"Maison\" aria-errormessage=\"wpforms-2553-field_61_1-error\"  ><label class=\"wpforms-field-label-inline\" for=\"wpforms-2553-field_61_1\">Maison<\/label><\/li><li class=\"choice-2 depth-1\"><input type=\"checkbox\" id=\"wpforms-2553-field_61_2\" name=\"wpforms[fields][61][]\" value=\"Appartement\" aria-errormessage=\"wpforms-2553-field_61_2-error\"  ><label class=\"wpforms-field-label-inline\" for=\"wpforms-2553-field_61_2\">Appartement<\/label><\/li><li class=\"choice-3 depth-1\"><input type=\"checkbox\" id=\"wpforms-2553-field_61_3\" name=\"wpforms[fields][61][]\" value=\"Villa\" aria-errormessage=\"wpforms-2553-field_61_3-error\"  ><label class=\"wpforms-field-label-inline\" for=\"wpforms-2553-field_61_3\">Villa<\/label><\/li><li class=\"choice-4 depth-1\"><input type=\"checkbox\" id=\"wpforms-2553-field_61_4\" name=\"wpforms[fields][61][]\" value=\"Immeuble\" aria-errormessage=\"wpforms-2553-field_61_4-error\"  ><label class=\"wpforms-field-label-inline\" for=\"wpforms-2553-field_61_4\">Immeuble<\/label><\/li><li class=\"choice-5 depth-1\"><input type=\"checkbox\" id=\"wpforms-2553-field_61_5\" name=\"wpforms[fields][61][]\" value=\"Local Commercial\" aria-errormessage=\"wpforms-2553-field_61_5-error\"  ><label class=\"wpforms-field-label-inline\" for=\"wpforms-2553-field_61_5\">Local Commercial<\/label><\/li><li class=\"choice-6 depth-1\"><input type=\"checkbox\" id=\"wpforms-2553-field_61_6\" name=\"wpforms[fields][61][]\" value=\"Parking\" aria-errormessage=\"wpforms-2553-field_61_6-error\"  ><label class=\"wpforms-field-label-inline\" for=\"wpforms-2553-field_61_6\">Parking<\/label><\/li><li class=\"choice-7 depth-1\"><input type=\"checkbox\" id=\"wpforms-2553-field_61_7\" name=\"wpforms[fields][61][]\" value=\"Terrain\" aria-errormessage=\"wpforms-2553-field_61_7-error\"  ><label class=\"wpforms-field-label-inline\" for=\"wpforms-2553-field_61_7\">Terrain<\/label><\/li><\/ul><\/fieldset><\/div><div id=\"wpforms-2553-field_54-container\" class=\"wpforms-field wpforms-field-number-slider\" data-field-id=\"54\"><label class=\"wpforms-field-label\" for=\"wpforms-2553-field_54\">Fourchette de prix Minimum en \u20ac<\/label>\n<input\n\ttype=\"range\"\n\tid=\"wpforms-2553-field_54\" class=\"wpforms-field-large\" name=\"wpforms[fields][54]\" value=\"0\" aria-errormessage=\"wpforms-2553-field_54-error\"\t\tvalue=\"0\"\n\tmin=\"0\"\n\tmax=\"10000000\"\n\tstep=\"10000\">\n\n<div class=\"wpforms-field-number-slider-hint\"\n\tdata-hint=\"Valeur s\u00e9lectionn\u00e9e\u00a0: {value}\">\n\tValeur s\u00e9lectionn\u00e9e\u00a0: <b>0<\/b><\/div>\n<\/div><div id=\"wpforms-2553-field_62-container\" class=\"wpforms-field wpforms-field-number-slider\" data-field-id=\"62\"><label class=\"wpforms-field-label\" for=\"wpforms-2553-field_62\">Fourchette de prix Maximum en \u20ac<\/label>\n<input\n\ttype=\"range\"\n\tid=\"wpforms-2553-field_62\" class=\"wpforms-field-large\" name=\"wpforms[fields][62]\" value=\"0\" aria-errormessage=\"wpforms-2553-field_62-error\"\t\tvalue=\"0\"\n\tmin=\"0\"\n\tmax=\"10000000\"\n\tstep=\"10000\">\n\n<div class=\"wpforms-field-number-slider-hint\"\n\tdata-hint=\"Valeur s\u00e9lectionn\u00e9e\u00a0: {value}\">\n\tValeur s\u00e9lectionn\u00e9e\u00a0: <b>0<\/b><\/div>\n<\/div><div id=\"wpforms-2553-field_55-container\" class=\"wpforms-field wpforms-field-textarea\" data-field-id=\"55\"><label class=\"wpforms-field-label\" for=\"wpforms-2553-field_55\">Codes postaux<\/label><textarea id=\"wpforms-2553-field_55\" class=\"wpforms-field-medium\" name=\"wpforms[fields][55]\" aria-errormessage=\"wpforms-2553-field_55-error\" ><\/textarea><\/div><div id=\"wpforms-2553-field_57-container\" class=\"wpforms-field wpforms-field-text\" data-field-id=\"57\"><label class=\"wpforms-field-label\" for=\"wpforms-2553-field_57\">Fr\u00e9quence des rendez-vous \/ semaine : <\/label><input type=\"text\" id=\"wpforms-2553-field_57\" class=\"wpforms-field-medium\" name=\"wpforms[fields][57]\" aria-errormessage=\"wpforms-2553-field_57-error\" ><\/div><div id=\"wpforms-2553-field_58-container\" class=\"wpforms-field wpforms-field-text\" data-field-id=\"58\"><label class=\"wpforms-field-label\" for=\"wpforms-2553-field_58\">Heure du 1er rdv de la journ\u00e9e : <\/label><input type=\"text\" id=\"wpforms-2553-field_58\" class=\"wpforms-field-medium\" name=\"wpforms[fields][58]\" aria-errormessage=\"wpforms-2553-field_58-error\" ><\/div><div id=\"wpforms-2553-field_59-container\" class=\"wpforms-field wpforms-field-text\" data-field-id=\"59\"><label class=\"wpforms-field-label\" for=\"wpforms-2553-field_59\">Heure du dernier rdv de la journ\u00e9e : <\/label><input type=\"text\" id=\"wpforms-2553-field_59\" class=\"wpforms-field-medium\" name=\"wpforms[fields][59]\" aria-errormessage=\"wpforms-2553-field_59-error\" ><\/div><div id=\"wpforms-2553-field_1-container\" class=\"wpforms-field wpforms-field-name\" data-field-id=\"1\"><fieldset><legend class=\"wpforms-field-label\">Information Compl\u00e9mentaire :  <span class=\"wpforms-required-label\" aria-hidden=\"true\">*<\/span><\/legend><div class=\"wpforms-field-row wpforms-field-medium\"><div class=\"wpforms-field-row-block wpforms-first wpforms-one-half\"><input type=\"text\" id=\"wpforms-2553-field_1\" class=\"wpforms-field-name-first wpforms-field-required\" name=\"wpforms[fields][1][first]\" aria-errormessage=\"wpforms-2553-field_1-error\" required><label for=\"wpforms-2553-field_1\" class=\"wpforms-field-sublabel after \">Pr\u00e9nom<\/label><\/div><div class=\"wpforms-field-row-block wpforms-one-half\"><input type=\"text\" id=\"wpforms-2553-field_1-last\" class=\"wpforms-field-name-last wpforms-field-required\" name=\"wpforms[fields][1][last]\" aria-errormessage=\"wpforms-2553-field_1-last-error\" required><label for=\"wpforms-2553-field_1-last\" class=\"wpforms-field-sublabel after \">Nom<\/label><\/div><\/div><\/fieldset><\/div><div id=\"wpforms-2553-field_33-container\" class=\"wpforms-field wpforms-field-text\" data-field-id=\"33\"><label class=\"wpforms-field-label\" for=\"wpforms-2553-field_33\">Adresse Postale <span class=\"wpforms-required-label\" aria-hidden=\"true\">*<\/span><\/label><input type=\"text\" id=\"wpforms-2553-field_33\" class=\"wpforms-field-medium wpforms-field-required\" name=\"wpforms[fields][33]\" aria-errormessage=\"wpforms-2553-field_33-error\" required><\/div><div id=\"wpforms-2553-field_2-container\" class=\"wpforms-field wpforms-field-email\" data-field-id=\"2\"><label class=\"wpforms-field-label\" for=\"wpforms-2553-field_2\">Adresse-Email <span class=\"wpforms-required-label\" aria-hidden=\"true\">*<\/span><\/label><input type=\"email\" id=\"wpforms-2553-field_2\" class=\"wpforms-field-medium wpforms-field-required\" name=\"wpforms[fields][2]\" spellcheck=\"false\" aria-errormessage=\"wpforms-2553-field_2-error\" required><\/div><div id=\"wpforms-2553-field_46-container\" class=\"wpforms-field wpforms-field-text\" data-field-id=\"46\"><label class=\"wpforms-field-label\" for=\"wpforms-2553-field_46\">Num\u00e9ro de T\u00e9l\u00e9phone <span class=\"wpforms-required-label\" aria-hidden=\"true\">*<\/span><\/label><input type=\"text\" id=\"wpforms-2553-field_46\" class=\"wpforms-field-medium wpforms-field-required\" name=\"wpforms[fields][46]\" aria-errormessage=\"wpforms-2553-field_46-error\" required><\/div><div id=\"wpforms-2553-field_39-container\" class=\"wpforms-field wpforms-field-text\" data-field-id=\"39\"><label class=\"wpforms-field-label\" for=\"wpforms-2553-field_39\">Nom du r\u00e9seau mandataire ou agence immobili\u00e8re <span class=\"wpforms-required-label\" aria-hidden=\"true\">*<\/span><\/label><input type=\"text\" id=\"wpforms-2553-field_39\" class=\"wpforms-field-medium wpforms-field-required\" name=\"wpforms[fields][39]\" aria-errormessage=\"wpforms-2553-field_39-error\" required><\/div><div id=\"wpforms-2553-field_63-container\" class=\"wpforms-field wpforms-field-text\" data-field-id=\"63\"><label class=\"wpforms-field-label\" for=\"wpforms-2553-field_63\">Num\u00e9ro Siret (facultatif) :  <\/label><input type=\"text\" id=\"wpforms-2553-field_63\" class=\"wpforms-field-medium\" name=\"wpforms[fields][63]\" aria-errormessage=\"wpforms-2553-field_63-error\" ><\/div><div id=\"wpforms-2553-field_60-container\" class=\"wpforms-field wpforms-field-textarea\" data-field-id=\"60\"><label class=\"wpforms-field-label\" for=\"wpforms-2553-field_60\">Argumentaire sp\u00e9cifique pour le discours t\u00e9l\u00e9phonique (facultatif) : <\/label><textarea id=\"wpforms-2553-field_60\" class=\"wpforms-field-medium\" name=\"wpforms[fields][60]\" aria-errormessage=\"wpforms-2553-field_60-error\" ><\/textarea><\/div><\/div><!-- .wpforms-field-container --><div class=\"wpforms-submit-container\" ><input type=\"hidden\" name=\"wpforms[id]\" value=\"2553\"><input type=\"hidden\" name=\"wpforms[author]\" value=\"3\"><button type=\"submit\" name=\"wpforms[submit]\" id=\"wpforms-submit-2553\" class=\"wpforms-submit masquer-bouton\" data-alt-text=\"Redirection vers le paiement\u2026\" data-submit-text=\"Proc\u00e9der au paiement \" aria-live=\"assertive\" value=\"wpforms-submit\">Proc\u00e9der au paiement <\/button><\/div><\/form><\/div>  <!-- .wpforms-container -->\t\t<\/div>\n\t\t\t\t<\/div>\n\t\t\t\t\t<\/div>\n\t\t<\/div>\n\t\t\t\t\t\t\t<\/div>\n\t\t<\/section>\n\t\t\t\t<section class=\"elementor-section elementor-top-section elementor-element elementor-element-0303600 elementor-section-boxed elementor-section-height-default elementor-section-height-default\" data-id=\"0303600\" data-element_type=\"section\">\n\t\t\t\t\t\t<div class=\"elementor-container elementor-column-gap-default\">\n\t\t\t\t\t<div class=\"elementor-column elementor-col-100 elementor-top-column elementor-element elementor-element-ce68105\" data-id=\"ce68105\" data-element_type=\"column\">\n\t\t\t<div class=\"elementor-widget-wrap elementor-element-populated\">\n\t\t\t\t\t\t\t\t<div class=\"elementor-element elementor-element-1fa9d66 elementor-align-justify elementor-widget elementor-widget-button\" data-id=\"1fa9d66\" data-element_type=\"widget\" data-widget_type=\"button.default\">\n\t\t\t\t<div class=\"elementor-widget-container\">\n\t\t\t\t\t<div class=\"elementor-button-wrapper\">\n\t\t\t<a href=\"https:\/\/buy.stripe.com\/fZudR95wW0U00VaaSc9sk02\" class=\"elementor-button-link elementor-button elementor-size-lg\" role=\"button\">\n\t\t\t\t\t\t<span class=\"elementor-button-content-wrapper\">\n\t\t\t\t\t\t<span class=\"elementor-button-text\">Valider mes crit\u00e8res de recherche et proc\u00e9der au paiement<\/span>\n\t\t<\/span>\n\t\t\t\t\t<\/a>\n\t\t<\/div>\n\t\t\t\t<\/div>\n\t\t\t\t<\/div>\n\t\t\t\t\t<\/div>\n\t\t<\/div>\n\t\t\t\t\t\t\t<\/div>\n\t\t<\/section>\n\t\t\t\t\t\t<\/div>\n\t\t\t\t\t<\/div>\n\t\t","protected":false},"excerpt":{"rendered":"<p>Vos Crit\u00e8res de Recherche Chaque jour, nous \u0153uvrons pour votre satisfaction. Notre \u00e9quipe est \u00e0 votre \u00e9coute pour vous apporter le meilleur dans la prise de rendez-vous Valider mes crit\u00e8res de recherche et proc\u00e9der au paiement<\/p>\n","protected":false},"author":3,"featured_media":0,"parent":0,"menu_order":0,"comment_status":"closed","ping_status":"closed","template":"","meta":{"_eb_attr":"","footnotes":""},"yoast_head":"<!-- This site is optimized with the Yoast SEO plugin v21.7 - https:\/\/yoast.com\/wordpress\/plugins\/seo\/ -->\n<title>Vos Crit\u00e8res de Recherche 2 &#8212; 1RDV1MANDAT<\/title>\n<meta name=\"robots\" content=\"index, follow, max-snippet:-1, max-image-preview:large, max-video-preview:-1\" \/>\n<link rel=\"canonical\" href=\"https:\/\/1rdv1mandat.com\/index.php\/vos-criteres-de-recherche-2\/\" \/>\n<meta property=\"og:locale\" content=\"fr_FR\" \/>\n<meta property=\"og:type\" content=\"article\" \/>\n<meta property=\"og:title\" content=\"Vos Crit\u00e8res de Recherche 2 &#8212; 1RDV1MANDAT\" \/>\n<meta property=\"og:description\" content=\"Vos Crit\u00e8res de Recherche Chaque jour, nous \u0153uvrons pour votre satisfaction. Notre \u00e9quipe est \u00e0 votre \u00e9coute pour vous apporter le meilleur dans la prise de rendez-vous Valider mes crit\u00e8res de recherche et proc\u00e9der au paiement\" \/>\n<meta property=\"og:url\" content=\"https:\/\/1rdv1mandat.com\/index.php\/vos-criteres-de-recherche-2\/\" \/>\n<meta property=\"og:site_name\" content=\"1RDV1MANDAT\" \/>\n<meta property=\"article:modified_time\" content=\"2026-04-16T11:33:32+00:00\" \/>\n<meta property=\"og:image\" content=\"https:\/\/1rdv1mandat.com\/wp-content\/uploads\/2023\/12\/group-teleconference-video-call-corporate-webcast-collage-diverse-business-team-working-project-online-virtual-office-screen.png\" \/>\n\t<meta property=\"og:image:width\" content=\"1200\" \/>\n\t<meta property=\"og:image:height\" content=\"718\" \/>\n\t<meta property=\"og:image:type\" content=\"image\/png\" \/>\n<meta name=\"twitter:card\" content=\"summary_large_image\" \/>\n<meta name=\"twitter:label1\" content=\"Dur\u00e9e de lecture estim\u00e9e\" \/>\n\t<meta name=\"twitter:data1\" content=\"1 minute\" \/>\n<script type=\"application\/ld+json\" class=\"yoast-schema-graph\">{\"@context\":\"https:\/\/schema.org\",\"@graph\":[{\"@type\":\"WebPage\",\"@id\":\"https:\/\/1rdv1mandat.com\/index.php\/vos-criteres-de-recherche-2\/\",\"url\":\"https:\/\/1rdv1mandat.com\/index.php\/vos-criteres-de-recherche-2\/\",\"name\":\"Vos Crit\u00e8res de Recherche 2 &#8212; 1RDV1MANDAT\",\"isPartOf\":{\"@id\":\"https:\/\/1rdv1mandat.com\/#website\"},\"datePublished\":\"2025-11-03T12:27:08+00:00\",\"dateModified\":\"2026-04-16T11:33:32+00:00\",\"breadcrumb\":{\"@id\":\"https:\/\/1rdv1mandat.com\/index.php\/vos-criteres-de-recherche-2\/#breadcrumb\"},\"inLanguage\":\"fr-FR\",\"potentialAction\":[{\"@type\":\"ReadAction\",\"target\":[\"https:\/\/1rdv1mandat.com\/index.php\/vos-criteres-de-recherche-2\/\"]}]},{\"@type\":\"BreadcrumbList\",\"@id\":\"https:\/\/1rdv1mandat.com\/index.php\/vos-criteres-de-recherche-2\/#breadcrumb\",\"itemListElement\":[{\"@type\":\"ListItem\",\"position\":1,\"name\":\"Accueil\",\"item\":\"https:\/\/1rdv1mandat.com\/\"},{\"@type\":\"ListItem\",\"position\":2,\"name\":\"Vos Crit\u00e8res de Recherche 2\"}]},{\"@type\":\"WebSite\",\"@id\":\"https:\/\/1rdv1mandat.com\/#website\",\"url\":\"https:\/\/1rdv1mandat.com\/\",\"name\":\"1RDV1MANDAT\",\"description\":\"Votre Garantie de Rendez-vous Mandat\",\"publisher\":{\"@id\":\"https:\/\/1rdv1mandat.com\/#organization\"},\"alternateName\":\"RDVMANDAT\",\"potentialAction\":[{\"@type\":\"SearchAction\",\"target\":{\"@type\":\"EntryPoint\",\"urlTemplate\":\"https:\/\/1rdv1mandat.com\/?s={search_term_string}\"},\"query-input\":\"required name=search_term_string\"}],\"inLanguage\":\"fr-FR\"},{\"@type\":\"Organization\",\"@id\":\"https:\/\/1rdv1mandat.com\/#organization\",\"name\":\"1RDV1MANDAT\",\"alternateName\":\"RDVMANDAT\",\"url\":\"https:\/\/1rdv1mandat.com\/\",\"logo\":{\"@type\":\"ImageObject\",\"inLanguage\":\"fr-FR\",\"@id\":\"https:\/\/1rdv1mandat.com\/#\/schema\/logo\/image\/\",\"url\":\"https:\/\/1rdv1mandat.com\/wp-content\/uploads\/2023\/12\/tawk.to_.png\",\"contentUrl\":\"https:\/\/1rdv1mandat.com\/wp-content\/uploads\/2023\/12\/tawk.to_.png\",\"width\":516,\"height\":516,\"caption\":\"1RDV1MANDAT\"},\"image\":{\"@id\":\"https:\/\/1rdv1mandat.com\/#\/schema\/logo\/image\/\"}}]}<\/script>\n<!-- \/ Yoast SEO plugin. -->","yoast_head_json":{"title":"Vos Crit\u00e8res de Recherche 2 &#8212; 1RDV1MANDAT","robots":{"index":"index","follow":"follow","max-snippet":"max-snippet:-1","max-image-preview":"max-image-preview:large","max-video-preview":"max-video-preview:-1"},"canonical":"https:\/\/1rdv1mandat.com\/index.php\/vos-criteres-de-recherche-2\/","og_locale":"fr_FR","og_type":"article","og_title":"Vos Crit\u00e8res de Recherche 2 &#8212; 1RDV1MANDAT","og_description":"Vos Crit\u00e8res de Recherche Chaque jour, nous \u0153uvrons pour votre satisfaction. Notre \u00e9quipe est \u00e0 votre \u00e9coute pour vous apporter le meilleur dans la prise de rendez-vous Valider mes crit\u00e8res de recherche et proc\u00e9der au paiement","og_url":"https:\/\/1rdv1mandat.com\/index.php\/vos-criteres-de-recherche-2\/","og_site_name":"1RDV1MANDAT","article_modified_time":"2026-04-16T11:33:32+00:00","og_image":[{"width":1200,"height":718,"url":"https:\/\/1rdv1mandat.com\/wp-content\/uploads\/2023\/12\/group-teleconference-video-call-corporate-webcast-collage-diverse-business-team-working-project-online-virtual-office-screen.png","type":"image\/png"}],"twitter_card":"summary_large_image","twitter_misc":{"Dur\u00e9e de lecture estim\u00e9e":"1 minute"},"schema":{"@context":"https:\/\/schema.org","@graph":[{"@type":"WebPage","@id":"https:\/\/1rdv1mandat.com\/index.php\/vos-criteres-de-recherche-2\/","url":"https:\/\/1rdv1mandat.com\/index.php\/vos-criteres-de-recherche-2\/","name":"Vos Crit\u00e8res de Recherche 2 &#8212; 1RDV1MANDAT","isPartOf":{"@id":"https:\/\/1rdv1mandat.com\/#website"},"datePublished":"2025-11-03T12:27:08+00:00","dateModified":"2026-04-16T11:33:32+00:00","breadcrumb":{"@id":"https:\/\/1rdv1mandat.com\/index.php\/vos-criteres-de-recherche-2\/#breadcrumb"},"inLanguage":"fr-FR","potentialAction":[{"@type":"ReadAction","target":["https:\/\/1rdv1mandat.com\/index.php\/vos-criteres-de-recherche-2\/"]}]},{"@type":"BreadcrumbList","@id":"https:\/\/1rdv1mandat.com\/index.php\/vos-criteres-de-recherche-2\/#breadcrumb","itemListElement":[{"@type":"ListItem","position":1,"name":"Accueil","item":"https:\/\/1rdv1mandat.com\/"},{"@type":"ListItem","position":2,"name":"Vos Crit\u00e8res de Recherche 2"}]},{"@type":"WebSite","@id":"https:\/\/1rdv1mandat.com\/#website","url":"https:\/\/1rdv1mandat.com\/","name":"1RDV1MANDAT","description":"Votre Garantie de Rendez-vous Mandat","publisher":{"@id":"https:\/\/1rdv1mandat.com\/#organization"},"alternateName":"RDVMANDAT","potentialAction":[{"@type":"SearchAction","target":{"@type":"EntryPoint","urlTemplate":"https:\/\/1rdv1mandat.com\/?s={search_term_string}"},"query-input":"required name=search_term_string"}],"inLanguage":"fr-FR"},{"@type":"Organization","@id":"https:\/\/1rdv1mandat.com\/#organization","name":"1RDV1MANDAT","alternateName":"RDVMANDAT","url":"https:\/\/1rdv1mandat.com\/","logo":{"@type":"ImageObject","inLanguage":"fr-FR","@id":"https:\/\/1rdv1mandat.com\/#\/schema\/logo\/image\/","url":"https:\/\/1rdv1mandat.com\/wp-content\/uploads\/2023\/12\/tawk.to_.png","contentUrl":"https:\/\/1rdv1mandat.com\/wp-content\/uploads\/2023\/12\/tawk.to_.png","width":516,"height":516,"caption":"1RDV1MANDAT"},"image":{"@id":"https:\/\/1rdv1mandat.com\/#\/schema\/logo\/image\/"}}]}},"_links":{"self":[{"href":"https:\/\/1rdv1mandat.com\/index.php\/wp-json\/wp\/v2\/pages\/2557"}],"collection":[{"href":"https:\/\/1rdv1mandat.com\/index.php\/wp-json\/wp\/v2\/pages"}],"about":[{"href":"https:\/\/1rdv1mandat.com\/index.php\/wp-json\/wp\/v2\/types\/page"}],"author":[{"embeddable":true,"href":"https:\/\/1rdv1mandat.com\/index.php\/wp-json\/wp\/v2\/users\/3"}],"replies":[{"embeddable":true,"href":"https:\/\/1rdv1mandat.com\/index.php\/wp-json\/wp\/v2\/comments?post=2557"}],"version-history":[{"count":43,"href":"https:\/\/1rdv1mandat.com\/index.php\/wp-json\/wp\/v2\/pages\/2557\/revisions"}],"predecessor-version":[{"id":2833,"href":"https:\/\/1rdv1mandat.com\/index.php\/wp-json\/wp\/v2\/pages\/2557\/revisions\/2833"}],"wp:attachment":[{"href":"https:\/\/1rdv1mandat.com\/index.php\/wp-json\/wp\/v2\/media?parent=2557"}],"curies":[{"name":"wp","href":"https:\/\/api.w.org\/{rel}","templated":true}]}}